{"id":3,"date":"2021-07-27T10:32:44","date_gmt":"2021-07-27T10:32:44","guid":{"rendered":"https:\/\/verysellgroup.wpenginepowered.com\/?page_id=3"},"modified":"2025-04-11T10:18:38","modified_gmt":"2025-04-11T10:18:38","slug":"privacy-policy","status":"publish","type":"page","link":"https:\/\/verysellgroup.com\/fr\/privacy-policy\/","title":{"rendered":"Politique de confidentialit\u00e9"},"content":{"rendered":"<div id=\"fws_69e34f9be5f40\"  data-column-margin=\"default\" data-midnight=\"dark\" data-top-percent=\"10%\" data-bottom-percent=\"10%\"  class=\"wpb_row vc_row-fluid vc_row full-width-section standard_section\"  style=\"padding-top: calc(100vw * 0.10); padding-bottom: calc(100vw * 0.10); \"><div class=\"row-bg-wrap\" data-bg-animation=\"none\" data-bg-overlay=\"false\"><div class=\"inner-wrap\"><div class=\"row-bg\"  style=\"\"><\/div><\/div><div class=\"row-bg-overlay\" ><\/div><\/div><div class=\"row_col_wrap_12 col span_12 dark left\">\n\t<div  class=\"vc_col-sm-12 wpb_column column_container vc_column_container col has-animation no-extra-padding inherit_tablet inherit_phone\"  data-t-w-inherits=\"default\" data-bg-cover=\"\" data-padding-pos=\"all\" data-has-bg-color=\"false\" data-bg-color=\"\" data-bg-opacity=\"1\" data-hover-bg=\"\" data-hover-bg-opacity=\"1\" data-animation=\"fade-in-from-bottom\" data-delay=\"0\" >\n\t\t<div class=\"vc_column-inner\" ><div class=\"column-bg-overlay-wrap\" data-bg-animation=\"none\"><div class=\"column-bg-overlay\"><\/div><\/div>\n\t\t\t<div class=\"wpb_wrapper\">\n\t\t\t\t<div id=\"fws_69e34f9be62a5\" data-midnight=\"\" data-column-margin=\"default\" class=\"wpb_row vc_row-fluid vc_row inner_row standard_section\"  style=\"padding-top: 0px; padding-bottom: 0px; \"><div class=\"row-bg-wrap\"> <div class=\"row-bg\" ><\/div> <\/div><div class=\"row_col_wrap_12_inner col span_12  left\">\n\t<div  class=\"vc_col-sm-12 wpb_column column_container vc_column_container col child_column has-animation no-extra-padding inherit_tablet inherit_phone\"   data-t-w-inherits=\"default\" data-bg-cover=\"\" data-padding-pos=\"all\" data-has-bg-color=\"false\" data-bg-color=\"\" data-bg-opacity=\"1\" data-hover-bg=\"\" data-hover-bg-opacity=\"1\" data-animation=\"fade-in-from-bottom\" data-delay=\"0\">\n\t\t<div class=\"vc_column-inner\" ><div class=\"column-bg-overlay-wrap\" data-bg-animation=\"none\"><div class=\"column-bg-overlay\"><\/div><\/div>\n\t\t<div class=\"wpb_wrapper\">\n\t\t\t\r\n<div class=\"wpb_text_column wpb_content_element\" >\r\n\t<div class=\"wpb_wrapper\">\r\n\t\t<h2>Avis de confidentialit\u00e9<\/h2>\n<p>Chez Verysell, accessible depuis<a href=\"https:\/\/verysellgroup.com\/fr\/\">www.verysellgroup.com<\/a>La confidentialit\u00e9 de nos visiteurs est l&#039;une de nos principales priorit\u00e9s. Cet avis de confidentialit\u00e9 d\u00e9crit les types d&#039;informations collect\u00e9es et enregistr\u00e9es par Verysell, ainsi que leur utilisation.<\/p>\n<p>Si vous avez des questions suppl\u00e9mentaires ou souhaitez plus d&#039;informations sur notre avis de confidentialit\u00e9, n&#039;h\u00e9sitez pas \u00e0 nous contacter \u00e0<a href=\"mailto:legal@verysellgroup.com\">legal@verysellgroup.com<\/a>.<\/p>\n<p>Cet avis de confidentialit\u00e9 s&#039;applique uniquement \u00e0 nos activit\u00e9s en ligne et est valable pour les visiteurs de notre site web concernant les informations partag\u00e9es et\/ou collect\u00e9es sur Verysell. Il ne s&#039;applique pas aux informations collect\u00e9es hors ligne ou via des canaux autres que ce site web.<\/p>\n<h3>Informations que nous collectons<\/h3>\n<p>Les informations personnelles que vous \u00eates invit\u00e9 \u00e0 fournir, ainsi que les raisons pour lesquelles vous \u00eates invit\u00e9 \u00e0 les fournir, vous seront clairement indiqu\u00e9es au moment o\u00f9 nous vous demanderons de fournir vos informations personnelles.<br \/>\nSi vous nous contactez directement, nous pouvons recevoir des informations suppl\u00e9mentaires vous concernant, telles que votre nom, votre adresse e-mail, votre num\u00e9ro de t\u00e9l\u00e9phone, le contenu du message et\/ou des pi\u00e8ces jointes que vous pouvez nous envoyer, ainsi que toute autre information que vous pouvez choisir de fournir.<\/p>\n<h3>Comment nous utilisons vos informations et base juridique pour les traiter<\/h3>\n<p>Nous utilisons les informations que nous collectons de diverses mani\u00e8res, notamment pour :<\/p>\n\t<\/div>\r\n<\/div>\r\n\r\n\r\n\r\n<div class=\"nectar-hor-list-item\" data-hover-effect=\"default\" data-br=\"0px\" data-font-family=\"h4\" data-color=\"accent-color\" data-columns=\"2\" data-column-layout=\"large_first\"><div class=\"nectar-list-item\" data-icon=\"false\" data-text-align=\"left\"><h4>But<\/h4><\/div><div class=\"nectar-list-item\" data-text-align=\"left\"><h4>Base juridique<\/h4><\/div><\/div><div class=\"nectar-hor-list-item\" data-hover-effect=\"default\" data-br=\"0px\" data-font-family=\"h5\" data-color=\"accent-color\" data-columns=\"2\" data-column-layout=\"large_first\"><div class=\"nectar-list-item\" data-icon=\"false\" data-text-align=\"left\">Fournir, exploiter et maintenir notre site Web<\/div><div class=\"nectar-list-item\" data-text-align=\"left\">Int\u00e9r\u00eat l\u00e9gitime<\/div><\/div><div class=\"nectar-hor-list-item\" data-hover-effect=\"default\" data-br=\"0px\" data-font-family=\"h5\" data-color=\"accent-color\" data-columns=\"2\" data-column-layout=\"large_first\"><div class=\"nectar-list-item\" data-icon=\"false\" data-text-align=\"left\">Am\u00e9liorer, personnaliser et d\u00e9velopper notre site Web<\/div><div class=\"nectar-list-item\" data-text-align=\"left\">Int\u00e9r\u00eat l\u00e9gitime<\/div><\/div><div class=\"nectar-hor-list-item\" data-hover-effect=\"default\" data-br=\"0px\" data-font-family=\"h5\" data-color=\"accent-color\" data-columns=\"2\" data-column-layout=\"large_first\"><div class=\"nectar-list-item\" data-icon=\"false\" data-text-align=\"left\">Comprendre et analyser comment vous utilisez notre site Web<\/div><div class=\"nectar-list-item\" data-text-align=\"left\">Int\u00e9r\u00eat l\u00e9gitime<\/div><\/div><div class=\"nectar-hor-list-item\" data-hover-effect=\"default\" data-br=\"0px\" data-font-family=\"h5\" data-color=\"accent-color\" data-columns=\"2\" data-column-layout=\"large_first\"><div class=\"nectar-list-item\" data-icon=\"false\" data-text-align=\"left\">D\u00e9velopper de nouveaux produits, services, fonctionnalit\u00e9s et caract\u00e9ristiques<\/div><div class=\"nectar-list-item\" data-text-align=\"left\">Int\u00e9r\u00eat l\u00e9gitime<\/div><\/div><div class=\"nectar-hor-list-item\" data-hover-effect=\"default\" data-br=\"0px\" data-font-family=\"h5\" data-color=\"accent-color\" data-columns=\"2\" data-column-layout=\"large_first\"><div class=\"nectar-list-item\" data-icon=\"false\" data-text-align=\"left\">Communiquer avec vous, soit directement, soit par l&#039;interm\u00e9diaire de l&#039;un de nos partenaires, notamment pour le service client, pour vous fournir des mises \u00e0 jour et d&#039;autres informations relatives au site Web, et \u00e0 des fins de marketing et de promotion<\/div><div class=\"nectar-list-item\" data-text-align=\"left\">Consentement<\/div><\/div><div class=\"nectar-hor-list-item\" data-hover-effect=\"default\" data-br=\"0px\" data-font-family=\"h5\" data-color=\"accent-color\" data-columns=\"2\" data-column-layout=\"large_first\"><div class=\"nectar-list-item\" data-icon=\"false\" data-text-align=\"left\">Vous envoyer des e-mails<\/div><div class=\"nectar-list-item\" data-text-align=\"left\">Consentement ou ex\u00e9cution d&#039;un contrat<\/div><\/div><div class=\"nectar-hor-list-item\" data-hover-effect=\"default\" data-br=\"0px\" data-font-family=\"h5\" data-color=\"accent-color\" data-columns=\"2\" data-column-layout=\"large_first\"><div class=\"nectar-list-item\" data-icon=\"false\" data-text-align=\"left\">D\u00e9tecter et pr\u00e9venir la fraude<\/div><div class=\"nectar-list-item\" data-text-align=\"left\">Int\u00e9r\u00eat l\u00e9gitime<\/div><\/div><div class=\"divider-wrap\" data-alignment=\"default\"><div style=\"height: 20px;\" class=\"divider\"><\/div><\/div>\r\n<div class=\"wpb_text_column wpb_content_element\" >\r\n\t<div class=\"wpb_wrapper\">\r\n\t\t<p>Lorsque nous utilisons vos donn\u00e9es sur la base de notre int\u00e9r\u00eat l\u00e9gitime, nous le ferons en \u00e9valuant vos droits en mati\u00e8re de protection des donn\u00e9es, en appliquant des mesures de s\u00e9curit\u00e9 des donn\u00e9es appropri\u00e9es (en les anonymisant lorsque cela est possible) et en vous donnant toujours la possibilit\u00e9 de vous opposer au traitement annonc\u00e9 conform\u00e9ment \u00e0 la pr\u00e9sente d\u00e9claration de confidentialit\u00e9.<\/p>\n<h3><strong>Politique de conservation des donn\u00e9es<\/strong><\/h3>\n<p>Nous traiterons vos donn\u00e9es personnelles tant que la finalit\u00e9 de leur collecte reste valable et que leur traitement est justifi\u00e9. Si vos donn\u00e9es sont trait\u00e9es avec votre consentement, elles seront trait\u00e9es jusqu&#039;\u00e0 votre r\u00e9vocation. Si vos donn\u00e9es sont trait\u00e9es pour l&#039;ex\u00e9cution d&#039;un contrat, elles seront trait\u00e9es jusqu&#039;\u00e0 la fin de la relation contractuelle, et ne seront conserv\u00e9es que pour respecter la responsabilit\u00e9 l\u00e9gale d\u00e9coulant du contrat. Enfin, si vos donn\u00e9es sont trait\u00e9es sur la base d&#039;un int\u00e9r\u00eat l\u00e9gitime, elles seront trait\u00e9es jusqu&#039;\u00e0 ce que vous exerciez votre droit d&#039;opposition ou que les exigences du traitement des donn\u00e9es sur la base d&#039;un int\u00e9r\u00eat l\u00e9gitime ne soient plus remplies.<\/p>\n<h3><strong>Fichiers journaux<\/strong><\/h3>\n<p>Verysell utilise une proc\u00e9dure standard d&#039;utilisation des fichiers journaux. Ces fichiers enregistrent les visites des visiteurs sur les sites web. Tous les h\u00e9bergeurs utilisent cette m\u00e9thode et participent \u00e0 l&#039;analyse de leurs services d&#039;h\u00e9bergement. Les informations collect\u00e9es par les fichiers journaux incluent l&#039;adresse IP (protocole Internet), le type de navigateur, le fournisseur d&#039;acc\u00e8s \u00e0 Internet (FAI), la date et l&#039;heure, les pages de renvoi\/sortie et, \u00e9ventuellement, le nombre de clics. Ces informations ne sont li\u00e9es \u00e0 aucune information personnelle identifiable. Elles servent \u00e0 analyser les tendances, \u00e0 administrer le site, \u00e0 suivre les d\u00e9placements des utilisateurs et \u00e0 recueillir des donn\u00e9es d\u00e9mographiques.<\/p>\n<h3><strong>Cookies et balises Web<\/strong><\/h3>\n<p>Verysell n&#039;utilise pas de cookies ou de balises Web sur ce site Web pour suivre, stocker ou collecter des informations sur les visiteurs.<\/p>\n<h3><strong>Cookie Google DoubleClick DART<\/strong><\/h3>\n<p>Google est l&#039;un des fournisseurs tiers sur notre site. Il utilise \u00e9galement des cookies, appel\u00e9s cookies DART, pour diffuser des annonces aux visiteurs de notre site en fonction de leur visite.<a href=\"https:\/\/verysellgroup.com\/fr\/\">www.verysellgroup.com<\/a>et d&#039;autres sites Internet. Cependant, les visiteurs peuvent refuser l&#039;utilisation des cookies DART en consultant l&#039;Avis de confidentialit\u00e9 du r\u00e9seau de contenu et d&#039;annonces Google \u00e0 l&#039;adresse suivante\u00a0:<a href=\"https:\/\/policies.google.com\/technologies\/ad\">https:\/\/policies.google.com\/technologies\/ads<\/a><\/p>\n<h3><strong>Nos partenaires publicitaires<\/strong><\/h3>\n<p>Certains annonceurs pr\u00e9sents sur notre site peuvent utiliser des cookies et des balises web. Nos partenaires publicitaires sont list\u00e9s ci-dessous. Chacun d&#039;entre eux dispose de sa propre Politique de confidentialit\u00e9 relative aux donn\u00e9es utilisateur. Pour un acc\u00e8s plus facile, nous avons ajout\u00e9 un lien vers leurs Politiques de confidentialit\u00e9 ci-dessous.<\/p>\n<ul>\n<li><a href=\"https:\/\/www.smartdev.com\/privacy-policy\/google.com\/\">Google<\/a><\/li>\n<li><a href=\"https:\/\/policies.google.com\/technologies\/ads\">https:\/\/policies.google.com\/technologies\/ads<\/a><\/li>\n<\/ul>\n<h3><strong>Politiques de confidentialit\u00e9 des partenaires publicitaires<\/strong><\/h3>\n<p>Vous pouvez consulter cette liste pour trouver l&#039;avis de confidentialit\u00e9 de chacun des partenaires publicitaires de Verysell.<br \/>\nLes serveurs publicitaires ou r\u00e9seaux publicitaires tiers utilisent des technologies telles que les cookies, JavaScript ou les balises web, qui sont int\u00e9gr\u00e9es \u00e0 leurs publicit\u00e9s et liens respectifs sur Verysell et envoy\u00e9es directement au navigateur de l&#039;utilisateur. Ils re\u00e7oivent alors automatiquement votre adresse IP. Ces technologies servent \u00e0 mesurer l&#039;efficacit\u00e9 de leurs campagnes publicitaires et\/ou \u00e0 personnaliser le contenu publicitaire affich\u00e9 sur les sites web que vous consultez.<br \/>\nVeuillez noter que Verysell n&#039;a aucun acc\u00e8s ni contr\u00f4le sur ces cookies qui sont utilis\u00e9s par des annonceurs tiers.<\/p>\n<h3><strong>Politiques de confidentialit\u00e9 des tiers<\/strong><\/h3>\n<p>La Politique de confidentialit\u00e9 de Verysell ne s&#039;applique pas aux autres annonceurs ni aux sites web. Nous vous conseillons donc de consulter les Politiques de confidentialit\u00e9 de ces serveurs publicitaires tiers pour plus d&#039;informations. Ces politiques peuvent inclure leurs pratiques et des instructions pour d\u00e9sactiver certaines options.<br \/>\nVous pouvez choisir de d\u00e9sactiver les cookies via les options de votre navigateur. Pour plus d&#039;informations sur la gestion des cookies dans chaque navigateur, consultez les sites web respectifs.<\/p>\n<h3><strong>Droits de protection des donn\u00e9es du RGPD<\/strong><\/h3>\n<p>Nous souhaitons nous assurer que vous \u00eates pleinement inform\u00e9 de vos droits en mati\u00e8re de protection des donn\u00e9es. Chaque utilisateur b\u00e9n\u00e9ficie des droits suivants\u00a0:<br \/>\nLe droit de retirer votre consentement.<br \/>\nDroit d&#039;acc\u00e8s \u2013 Vous avez le droit de demander une copie de vos donn\u00e9es personnelles. Ce service peut \u00eatre soumis \u00e0 des frais minimes.<br \/>\nDroit de rectification \u2013 Vous avez le droit de nous demander de corriger toute information que vous jugez inexacte. Vous avez \u00e9galement le droit de nous demander de compl\u00e9ter les informations que vous jugez incompl\u00e8tes.<br \/>\nLe droit \u00e0 l\u2019effacement \u2013 Vous avez le droit de demander que nous effacions vos donn\u00e9es personnelles, sous certaines conditions.<br \/>\nLe droit de restreindre le traitement \u2013 Vous avez le droit de demander que nous restreignions le traitement de vos donn\u00e9es personnelles, sous certaines conditions.<br \/>\nDroit d&#039;opposition au traitement \u2013 Vous avez le droit de vous opposer au traitement de vos donn\u00e9es personnelles, sous certaines conditions. Droit \u00e0 la portabilit\u00e9 des donn\u00e9es \u2013 Vous avez le droit de demander que nous transf\u00e9rions les donn\u00e9es que nous avons collect\u00e9es \u00e0 une autre organisation, ou directement \u00e0 vous, sous certaines conditions.<br \/>\nLe droit de d\u00e9poser une plainte aupr\u00e8s des autorit\u00e9s de protection des donn\u00e9es. Le droit d&#039;\u00eatre inform\u00e9 de toute violation de donn\u00e9es susceptible de mettre vos donn\u00e9es en danger.<br \/>\nSi vous faites une demande, nous disposons d&#039;un mois pour vous r\u00e9pondre. Si vous souhaitez exercer l&#039;un de ces droits, veuillez nous contacter.<\/p>\n<h3><strong>Informations pour les enfants<\/strong><\/h3>\n<p>Une autre priorit\u00e9 est de renforcer la protection des enfants lorsqu&#039;ils utilisent Internet. Nous encourageons les parents et les tuteurs \u00e0 observer, participer et\/ou surveiller et encadrer leurs activit\u00e9s en ligne.<br \/>\nVerysell ne collecte pas sciemment d&#039;informations personnelles identifiables aupr\u00e8s d&#039;enfants de moins de 13 ans. Si vous pensez que votre enfant a fourni ce type d&#039;informations sur notre site Web, nous vous encourageons vivement \u00e0 nous contacter imm\u00e9diatement et nous ferons de notre mieux pour supprimer rapidement ces informations de nos archives.<\/p>\n\t<\/div>\r\n<\/div>\r\n\r\n\r\n\r\n\n\t\t<\/div> \n\t<\/div>\n\t<\/div> \n<\/div><\/div>\n\t\t\t<\/div> \n\t\t<\/div>\n\t<\/div> \n<\/div><\/div>","protected":false},"excerpt":{"rendered":"Avis de confidentialit\u00e9 Chez Verysell, accessible depuis www.verysellgroup.com, l&#039;une de nos principales priorit\u00e9s est la confidentialit\u00e9 de nos...","protected":false},"author":9,"featured_media":0,"parent":0,"menu_order":0,"comment_status":"closed","ping_status":"open","template":"","meta":{"inline_featured_image":false,"footnotes":""},"class_list":["post-3","page","type-page","status-publish"],"yoast_head":"<!-- This site is optimized with the Yoast SEO plugin v27.4 - https:\/\/yoast.com\/product\/yoast-seo-wordpress\/ -->\n<title>Privacy Policy | Verysell - Advanced AI &amp; Information Technologies<\/title>\n<meta name=\"robots\" content=\"index, follow, max-snippet:-1, max-image-preview:large, max-video-preview:-1\" \/>\n<link rel=\"canonical\" href=\"https:\/\/verysellgroup.com\/fr\/privacy-policy\/\" \/>\n<meta property=\"og:locale\" content=\"fr_FR\" \/>\n<meta property=\"og:type\" content=\"article\" \/>\n<meta property=\"og:title\" content=\"Privacy Policy | Verysell - Advanced AI &amp; Information Technologies\" \/>\n<meta property=\"og:url\" content=\"https:\/\/verysellgroup.com\/fr\/privacy-policy\/\" \/>\n<meta property=\"og:site_name\" content=\"Verysell\" \/>\n<meta property=\"article:modified_time\" content=\"2025-04-11T10:18:38+00:00\" \/>\n<meta name=\"twitter:card\" content=\"summary_large_image\" \/>\n<meta name=\"twitter:label1\" content=\"Dur\u00e9e de lecture estim\u00e9e\" \/>\n\t<meta name=\"twitter:data1\" content=\"3 minutes\" \/>\n<script type=\"application\/ld+json\" class=\"yoast-schema-graph\">{\"@context\":\"https:\\\/\\\/schema.org\",\"@graph\":[{\"@type\":\"WebPage\",\"@id\":\"https:\\\/\\\/verysellgroup.com\\\/privacy-policy\\\/\",\"url\":\"https:\\\/\\\/verysellgroup.com\\\/privacy-policy\\\/\",\"name\":\"Privacy Policy | Verysell - Advanced AI &amp; Information Technologies\",\"isPartOf\":{\"@id\":\"https:\\\/\\\/verysellgroup.com\\\/#website\"},\"datePublished\":\"2021-07-27T10:32:44+00:00\",\"dateModified\":\"2025-04-11T10:18:38+00:00\",\"breadcrumb\":{\"@id\":\"https:\\\/\\\/verysellgroup.com\\\/privacy-policy\\\/#breadcrumb\"},\"inLanguage\":\"fr-FR\",\"potentialAction\":[{\"@type\":\"ReadAction\",\"target\":[\"https:\\\/\\\/verysellgroup.com\\\/privacy-policy\\\/\"]}]},{\"@type\":\"BreadcrumbList\",\"@id\":\"https:\\\/\\\/verysellgroup.com\\\/privacy-policy\\\/#breadcrumb\",\"itemListElement\":[{\"@type\":\"ListItem\",\"position\":1,\"name\":\"Home\",\"item\":\"https:\\\/\\\/verysellgroup.com\\\/\"},{\"@type\":\"ListItem\",\"position\":2,\"name\":\"Privacy Policy\"}]},{\"@type\":\"WebSite\",\"@id\":\"https:\\\/\\\/verysellgroup.com\\\/#website\",\"url\":\"https:\\\/\\\/verysellgroup.com\\\/\",\"name\":\"Verysell Group\",\"description\":\"Advanced AI &amp; Information Technologies\",\"alternateName\":\"Verysell Group\",\"potentialAction\":[{\"@type\":\"SearchAction\",\"target\":{\"@type\":\"EntryPoint\",\"urlTemplate\":\"https:\\\/\\\/verysellgroup.com\\\/?s={search_term_string}\"},\"query-input\":{\"@type\":\"PropertyValueSpecification\",\"valueRequired\":true,\"valueName\":\"search_term_string\"}}],\"inLanguage\":\"fr-FR\"}]}<\/script>\n<!-- \/ Yoast SEO plugin. -->","yoast_head_json":{"title":"Politique de confidentialit\u00e9 | Verysell - IA avanc\u00e9e et technologies de l&#039;information","robots":{"index":"index","follow":"follow","max-snippet":"max-snippet:-1","max-image-preview":"max-image-preview:large","max-video-preview":"max-video-preview:-1"},"canonical":"https:\/\/verysellgroup.com\/fr\/privacy-policy\/","og_locale":"fr_FR","og_type":"article","og_title":"Privacy Policy | Verysell - Advanced AI &amp; Information Technologies","og_url":"https:\/\/verysellgroup.com\/fr\/privacy-policy\/","og_site_name":"Verysell","article_modified_time":"2025-04-11T10:18:38+00:00","twitter_card":"summary_large_image","twitter_misc":{"Dur\u00e9e de lecture estim\u00e9e":"3 minutes"},"schema":{"@context":"https:\/\/schema.org","@graph":[{"@type":"WebPage","@id":"https:\/\/verysellgroup.com\/privacy-policy\/","url":"https:\/\/verysellgroup.com\/privacy-policy\/","name":"Politique de confidentialit\u00e9 | Verysell - IA avanc\u00e9e et technologies de l&#039;information","isPartOf":{"@id":"https:\/\/verysellgroup.com\/#website"},"datePublished":"2021-07-27T10:32:44+00:00","dateModified":"2025-04-11T10:18:38+00:00","breadcrumb":{"@id":"https:\/\/verysellgroup.com\/privacy-policy\/#breadcrumb"},"inLanguage":"fr-FR","potentialAction":[{"@type":"ReadAction","target":["https:\/\/verysellgroup.com\/privacy-policy\/"]}]},{"@type":"BreadcrumbList","@id":"https:\/\/verysellgroup.com\/privacy-policy\/#breadcrumb","itemListElement":[{"@type":"ListItem","position":1,"name":"Home","item":"https:\/\/verysellgroup.com\/"},{"@type":"ListItem","position":2,"name":"Privacy Policy"}]},{"@type":"WebSite","@id":"https:\/\/verysellgroup.com\/#website","url":"https:\/\/verysellgroup.com\/","name":"Groupe Verysell","description":"IA avanc\u00e9e et technologies de l&#039;information","alternateName":"Verysell Group","potentialAction":[{"@type":"SearchAction","target":{"@type":"EntryPoint","urlTemplate":"https:\/\/verysellgroup.com\/?s={search_term_string}"},"query-input":{"@type":"PropertyValueSpecification","valueRequired":true,"valueName":"search_term_string"}}],"inLanguage":"fr-FR"}]}},"_links":{"self":[{"href":"https:\/\/verysellgroup.com\/fr\/wp-json\/wp\/v2\/pages\/3","targetHints":{"allow":["GET"]}}],"collection":[{"href":"https:\/\/verysellgroup.com\/fr\/wp-json\/wp\/v2\/pages"}],"about":[{"href":"https:\/\/verysellgroup.com\/fr\/wp-json\/wp\/v2\/types\/page"}],"author":[{"embeddable":true,"href":"https:\/\/verysellgroup.com\/fr\/wp-json\/wp\/v2\/users\/9"}],"replies":[{"embeddable":true,"href":"https:\/\/verysellgroup.com\/fr\/wp-json\/wp\/v2\/comments?post=3"}],"version-history":[{"count":0,"href":"https:\/\/verysellgroup.com\/fr\/wp-json\/wp\/v2\/pages\/3\/revisions"}],"wp:attachment":[{"href":"https:\/\/verysellgroup.com\/fr\/wp-json\/wp\/v2\/media?parent=3"}],"curies":[{"name":"wp","href":"https:\/\/api.w.org\/{rel}","templated":true}]}}