{"id":7154,"date":"2022-01-24T03:25:07","date_gmt":"2022-01-24T03:25:07","guid":{"rendered":"https:\/\/verysellgroup.wpenginepowered.com\/?page_id=7154"},"modified":"2025-03-20T14:04:31","modified_gmt":"2025-03-20T14:04:31","slug":"executive-board","status":"publish","type":"page","link":"https:\/\/verysellgroup.com\/fr\/executive-board\/","title":{"rendered":"Conseil ex\u00e9cutif"},"content":{"rendered":"<div id=\"fws_69f48d0cd6679\"  data-column-margin=\"default\" data-midnight=\"light\" data-top-percent=\"5%\" data-bottom-percent=\"5%\"  class=\"wpb_row vc_row-fluid vc_row full-width-section standard_section\"  style=\"padding-top: calc(100vw * 0.05); padding-bottom: calc(100vw * 0.05); \"><div class=\"row-bg-wrap\" data-bg-animation=\"none\" data-bg-overlay=\"false\"><div class=\"inner-wrap\"><div class=\"row-bg using-bg-color\"  style=\"background-color: #262626; \"><\/div><\/div><div class=\"row-bg-overlay\" ><\/div><\/div><div class=\"row_col_wrap_12 col span_12 light left\">\n\t<div  class=\"vc_col-sm-12 wpb_column column_container vc_column_container col no-extra-padding inherit_tablet inherit_phone\"  data-t-w-inherits=\"default\" data-bg-cover=\"\" data-padding-pos=\"all\" data-has-bg-color=\"false\" data-bg-color=\"\" data-bg-opacity=\"1\" data-hover-bg=\"\" data-hover-bg-opacity=\"1\" data-animation=\"\" data-delay=\"0\" >\n\t\t<div class=\"vc_column-inner\" ><div class=\"column-bg-overlay-wrap\" data-bg-animation=\"none\"><div class=\"column-bg-overlay\"><\/div><\/div>\n\t\t\t<div class=\"wpb_wrapper\">\n\t\t\t\t<div class=\"nectar-highlighted-text\" data-style=\"half_text\" data-user-color=\"true\" style=\"color: #e01e2f;\" data-using-custom-color=\"true\" data-animation-delay=\"false\" data-color=\"#e01e2f\" data-color-gradient=\"\">\n<h2>Verysell Group est dirig\u00e9 par ses fondateurs<\/h2>\n<\/div>\n\t\t\t<\/div> \n\t\t<\/div>\n\t<\/div> \n<\/div><\/div>\n\t\t<div id=\"fws_69f48d0cd6a23\"  data-column-margin=\"default\" data-midnight=\"dark\"  class=\"wpb_row vc_row-fluid vc_row full-width-content  vc_row-o-equal-height vc_row-flex  vc_row-o-content-middle standard_section row-content-center\"  style=\"padding-top: 0px; padding-bottom: 0px; \"><div class=\"row-bg-wrap\" data-bg-animation=\"none\" data-bg-overlay=\"false\"><div class=\"inner-wrap\"><div class=\"row-bg using-bg-color\"  style=\"background-color: #262626; \"><\/div><\/div><div class=\"row-bg-overlay\" ><\/div><\/div><div class=\"row_col_wrap_12 col span_12 dark left\">\n\t<div  class=\"vc_col-sm-4 vc_hidden-sm vc_hidden-xs wpb_column column_container vc_column_container col no-extra-padding inherit_tablet inherit_phone\"  data-t-w-inherits=\"default\" data-bg-cover=\"\" data-padding-pos=\"all\" data-has-bg-color=\"false\" data-bg-color=\"\" data-bg-opacity=\"1\" data-hover-bg=\"\" data-hover-bg-opacity=\"1\" data-animation=\"\" data-delay=\"0\" >\n\t\t<div class=\"vc_column-inner\" ><div class=\"column-bg-overlay-wrap\" data-bg-animation=\"none\"><div class=\"column-bg-overlay\"><\/div><\/div>\n\t\t\t<div class=\"wpb_wrapper\">\n\t\t\t\t<div class=\"team-member\" data-style=\"bio_fullscreen\">    <div class=\"team-member-image\"><div class=\"team-member-image-inner\"><img loading=\"lazy\" decoding=\"async\" src=\"https:\/\/verysellgroup.com\/wp-content\/uploads\/2021\/11\/MK_thumb-500x500.jpg\" width=\"500\" height=\"500\" alt=\"\" \/><\/div><\/div>    <div class=\"team-member-overlay\"><\/div>    <div class=\"team-meta\"><h3>Mikha\u00efl Krasnov<\/h3><p>Pr\u00e9sident ex\u00e9cutif<\/p><div class=\"arrow-end fa fa-angle-right\"><\/div><div class=\"arrow-line\"><\/div><\/div>    <div class=\"nectar_team_bio_img\" data-img-src=\"https:\/\/verysellgroup.com\/wp-content\/uploads\/2021\/11\/MK_full.jpg\"><\/div>    <div class=\"nectar_team_bio\">Mikhail Krasnov est titulaire d&#039;un doctorat. en \u00e9conomie et a \u00e9t\u00e9 confirm\u00e9 en tant que directeur certifi\u00e9 par le London Institute of Directors. Mikhail est un leader accompli avec une exp\u00e9rience \u00e9prouv\u00e9e de plus de 30 ans dans l&#039;industrie informatique. Mikhail Krasnov a \u00e9t\u00e9 co-fondateur du groupe Verysell en 1990, la soci\u00e9t\u00e9 pr\u00e9c\u00e9dente de Verysell Technologies, et l&#039;un des 10 plus grands holdings informatiques en Russie de 2004 \u00e0 2011. Mikhail est de nationalit\u00e9 suisse.<div class=\"bottom_meta\"><\/div><\/div>    <\/div>\n\t\t\t<\/div> \n\t\t<\/div>\n\t<\/div> \n\n\t<div  class=\"vc_col-sm-4 vc_hidden-sm vc_hidden-xs wpb_column column_container vc_column_container col no-extra-padding inherit_tablet inherit_phone\"  data-t-w-inherits=\"default\" data-bg-cover=\"\" data-padding-pos=\"all\" data-has-bg-color=\"false\" data-bg-color=\"\" data-bg-opacity=\"1\" data-hover-bg=\"\" data-hover-bg-opacity=\"1\" data-animation=\"\" data-delay=\"0\" >\n\t\t<div class=\"vc_column-inner\" ><div class=\"column-bg-overlay-wrap\" data-bg-animation=\"none\"><div class=\"column-bg-overlay\"><\/div><\/div>\n\t\t\t<div class=\"wpb_wrapper\">\n\t\t\t\t<div class=\"team-member\" data-style=\"bio_fullscreen\">    <div class=\"team-member-image\"><div class=\"team-member-image-inner\"><img loading=\"lazy\" decoding=\"async\" src=\"https:\/\/verysellgroup.com\/wp-content\/uploads\/2024\/04\/petr-krasnov-500.png\" width=\"500\" height=\"500\" alt=\"\" \/><\/div><\/div>    <div class=\"team-member-overlay\"><\/div>    <div class=\"team-meta\"><h3>Petr Krasnov<\/h3><p>Directeur g\u00e9n\u00e9ral<\/p><div class=\"arrow-end fa fa-angle-right\"><\/div><div class=\"arrow-line\"><\/div><\/div>    <div class=\"nectar_team_bio_img\" data-img-src=\"https:\/\/verysellgroup.com\/wp-content\/uploads\/2024\/04\/petr-krasnov-500.png\"><\/div>    <div class=\"nectar_team_bio\">Petr apporte \u00e0 la table 14 ans d&#039;exp\u00e9rience juridique et financi\u00e8re. Ayant commenc\u00e9 sa carri\u00e8re dans l&#039;industrie des fonds sp\u00e9culatifs \u00e0 Londres, Petr a \u00e9t\u00e9 des deux c\u00f4t\u00e9s de plusieurs transactions de fusions et acquisitions et a ensuite travaill\u00e9 pendant 3 ans dans la finance d&#039;entreprise au sein de l&#039;industrie informatique. Au cours des 7 derni\u00e8res ann\u00e9es, Petr a dirig\u00e9 plusieurs mandats complexes, notamment des fusions transfrontali\u00e8res, des restructurations et des litiges commerciaux. Il est dipl\u00f4m\u00e9 de l&#039;Universit\u00e9 Cornell et parle trois langues. Petr est de nationalit\u00e9 suisse.<div class=\"bottom_meta\"><\/div><\/div>    <\/div>\n\t\t\t<\/div> \n\t\t<\/div>\n\t<\/div> \n\n\t<div  class=\"vc_col-sm-4 vc_hidden-sm vc_hidden-xs wpb_column column_container vc_column_container col no-extra-padding inherit_tablet inherit_phone\"  data-t-w-inherits=\"default\" data-bg-cover=\"\" data-padding-pos=\"all\" data-has-bg-color=\"false\" data-bg-color=\"\" data-bg-opacity=\"1\" data-hover-bg=\"\" data-hover-bg-opacity=\"1\" data-animation=\"\" data-delay=\"0\" >\n\t\t<div class=\"vc_column-inner\" ><div class=\"column-bg-overlay-wrap\" data-bg-animation=\"none\"><div class=\"column-bg-overlay\"><\/div><\/div>\n\t\t\t<div class=\"wpb_wrapper\">\n\t\t\t\t<div class=\"team-member\" data-style=\"bio_fullscreen\">    <div class=\"team-member-image\"><div class=\"team-member-image-inner\"><img loading=\"lazy\" decoding=\"async\" src=\"https:\/\/verysellgroup.com\/wp-content\/uploads\/2021\/11\/AC_large-500x500.jpg\" width=\"500\" height=\"500\" alt=\"\" \/><\/div><\/div>    <div class=\"team-member-overlay\"><\/div>    <div class=\"team-meta\"><h3>Alistair Copeland<\/h3><p>Directeur des op\u00e9rations<\/p><div class=\"arrow-end fa fa-angle-right\"><\/div><div class=\"arrow-line\"><\/div><\/div>    <div class=\"nectar_team_bio_img\" data-img-src=\"https:\/\/verysellgroup.com\/wp-content\/uploads\/2021\/11\/AC_large.jpg\"><\/div>    <div class=\"nectar_team_bio\">Alistair Copeland a plus de 20 ans d&#039;exp\u00e9rience en tant que chef d&#039;entreprise innovant et expert technologique hautement qualifi\u00e9. Son souci du succ\u00e8s et de l&#039;int\u00e9grit\u00e9 de ses clients lui a valu la r\u00e9putation de conseiller de confiance aupr\u00e8s des nombreux clients qui font appel \u00e0 ses services. Au cours de la d\u00e9cennie pr\u00e9c\u00e9dente, M. Copeland \u00e9tait directeur g\u00e9n\u00e9ral de NashTech, une division de Harvey Nash, bas\u00e9e \u00e0 Londres. Il a dirig\u00e9 la construction expansive de nouveaux march\u00e9s, a entra\u00een\u00e9 une croissance significative des effectifs et a g\u00e9r\u00e9 un P &amp; L r\u00e9ussi. M. Copeland est dipl\u00f4m\u00e9 de l&#039;Universit\u00e9 Queen&#039;s de Belfast avec un baccalaur\u00e9at \u00e8s sciences (majeure en informatique)<div class=\"bottom_meta\"><\/div><\/div>    <\/div>\n\t\t\t<\/div> \n\t\t<\/div>\n\t<\/div> \n<\/div><\/div>\n\t\t<div id=\"fws_69f48d0cd83dc\"  data-column-margin=\"20px\" data-midnight=\"light\"  class=\"wpb_row vc_row-fluid vc_row full-width-content  vc_row-o-equal-height vc_row-flex  vc_row-o-content-middle standard_section\"  style=\"padding-top: 0px; padding-bottom: 0px; \"><div class=\"row-bg-wrap\" data-bg-animation=\"none\" data-bg-overlay=\"false\"><div class=\"inner-wrap\"><div class=\"row-bg using-bg-color\"  style=\"background-color: #262626; \"><\/div><\/div><div class=\"row-bg-overlay\" ><\/div><\/div><div class=\"row_col_wrap_12 col span_12 light left\">\n\t<div  class=\"vc_col-sm-4 vc_hidden-lg vc_hidden-md wpb_column column_container vc_column_container col no-extra-padding inherit_tablet inherit_phone\"  data-t-w-inherits=\"default\" data-bg-cover=\"\" data-padding-pos=\"all\" data-has-bg-color=\"false\" data-bg-color=\"\" data-bg-opacity=\"1\" data-hover-bg=\"\" data-hover-bg-opacity=\"1\" data-animation=\"\" data-delay=\"0\" >\n\t\t<div class=\"vc_column-inner\" ><div class=\"column-bg-overlay-wrap\" data-bg-animation=\"none\"><div class=\"column-bg-overlay\"><\/div><\/div>\n\t\t\t<div class=\"wpb_wrapper\">\n\t\t\t\t<div class=\"team-member\" data-style=\"bio_fullscreen_alt\">    <div class=\"team-member-image\"><div class=\"team-member-image-inner\"><img loading=\"lazy\" decoding=\"async\" src=\"https:\/\/verysellgroup.com\/wp-content\/uploads\/2021\/11\/MK_thumb.jpg\" width=\"500\" height=\"500\" alt=\"\" \/><\/div><\/div>    <div class=\"team-member-overlay\"><\/div>    <div class=\"team-meta\"><h5>Pr\u00e9sident ex\u00e9cutif<\/h5><h3>Mikha\u00efl Krasnov<\/h3><p><\/p><div class=\"nectar-cta\" data-color=\"default\" data-using-bg=\"false\" data-style=\"arrow-animation\" data-display=\"block\" data-alignment=\"left\"><span class=\"link_wrap\"><a class=\"link_text\" href=\"#\"><svg class=\"next-arrow\" width=\"20px\" height=\"25px\" viewbox=\"0 0 50 80\" xml:space=\"preserve\">  <polyline stroke=\"#000000\" stroke-width=\"9\" fill=\"none\" stroke-linecap=\"round\" stroke-linejoin=\"round\" points=\"0, 0 45, 40 0, 80\"><\/polyline>  <\/svg><span class=\"line\" style=\"background-color: #000;\"><\/span> <\/a><\/span><\/div><\/div>    <div class=\"nectar_team_bio_img\" data-img-src=\"\"><\/div>    <div class=\"nectar_team_bio\">Mikhail Krasnov est titulaire d&#039;un doctorat. en \u00e9conomie et a \u00e9t\u00e9 confirm\u00e9 en tant que directeur certifi\u00e9 par le London Institute of Directors. Mikhail est un leader accompli avec une exp\u00e9rience \u00e9prouv\u00e9e de plus de 30 ans dans l&#039;industrie informatique. Mikhail Krasnov a \u00e9t\u00e9 co-fondateur du groupe Verysell en 1990, la soci\u00e9t\u00e9 pr\u00e9c\u00e9dente de Verysell Technologies, et l&#039;un des 10 plus grands holdings informatiques en Russie de 2004 \u00e0 2011. Mikhail est de nationalit\u00e9 suisse.<div class=\"bottom_meta\"><\/div><\/div>    <\/div>\n\t\t\t<\/div> \n\t\t<\/div>\n\t<\/div> \n\n\t<div  class=\"vc_col-sm-4 vc_hidden-lg vc_hidden-md wpb_column column_container vc_column_container col no-extra-padding inherit_tablet inherit_phone\"  data-t-w-inherits=\"default\" data-bg-cover=\"\" data-padding-pos=\"all\" data-has-bg-color=\"false\" data-bg-color=\"\" data-bg-opacity=\"1\" data-hover-bg=\"\" data-hover-bg-opacity=\"1\" data-animation=\"\" data-delay=\"0\" >\n\t\t<div class=\"vc_column-inner\" ><div class=\"column-bg-overlay-wrap\" data-bg-animation=\"none\"><div class=\"column-bg-overlay\"><\/div><\/div>\n\t\t\t<div class=\"wpb_wrapper\">\n\t\t\t\t<div class=\"team-member\" data-style=\"bio_fullscreen_alt\">    <div class=\"team-member-image\"><div class=\"team-member-image-inner\"><img loading=\"lazy\" decoding=\"async\" src=\"https:\/\/verysellgroup.com\/wp-content\/uploads\/2024\/04\/petr-krasnov-500.png\" width=\"500\" height=\"500\" alt=\"\" \/><\/div><\/div>    <div class=\"team-member-overlay\"><\/div>    <div class=\"team-meta\"><h5>Directeur g\u00e9n\u00e9ral<\/h5><h3>Petr Krasnov<\/h3><p><\/p><div class=\"nectar-cta\" data-color=\"default\" data-using-bg=\"false\" data-style=\"arrow-animation\" data-display=\"block\" data-alignment=\"left\"><span class=\"link_wrap\"><a class=\"link_text\" href=\"#\"><svg class=\"next-arrow\" width=\"20px\" height=\"25px\" viewbox=\"0 0 50 80\" xml:space=\"preserve\">  <polyline stroke=\"#000000\" stroke-width=\"9\" fill=\"none\" stroke-linecap=\"round\" stroke-linejoin=\"round\" points=\"0, 0 45, 40 0, 80\"><\/polyline>  <\/svg><span class=\"line\" style=\"background-color: #000;\"><\/span> <\/a><\/span><\/div><\/div>    <div class=\"nectar_team_bio_img\" data-img-src=\"\"><\/div>    <div class=\"nectar_team_bio\">Petr apporte \u00e0 la table 14 ans d&#039;exp\u00e9rience juridique et financi\u00e8re. Ayant commenc\u00e9 sa carri\u00e8re dans l&#039;industrie des fonds sp\u00e9culatifs \u00e0 Londres, Petr a \u00e9t\u00e9 des deux c\u00f4t\u00e9s de plusieurs transactions de fusions et acquisitions et a ensuite travaill\u00e9 pendant 3 ans dans la finance d&#039;entreprise au sein de l&#039;industrie informatique. Au cours des 7 derni\u00e8res ann\u00e9es, Petr a dirig\u00e9 plusieurs mandats complexes, notamment des fusions transfrontali\u00e8res, des restructurations et des litiges commerciaux. Il est dipl\u00f4m\u00e9 de l&#039;Universit\u00e9 Cornell et parle trois langues. Petr est de nationalit\u00e9 suisse.<div class=\"bottom_meta\"><\/div><\/div>    <\/div>\n\t\t\t<\/div> \n\t\t<\/div>\n\t<\/div> \n\n\t<div  class=\"vc_col-sm-4 vc_hidden-lg vc_hidden-md wpb_column column_container vc_column_container col no-extra-padding inherit_tablet inherit_phone\"  data-t-w-inherits=\"default\" data-bg-cover=\"\" data-padding-pos=\"all\" data-has-bg-color=\"false\" data-bg-color=\"\" data-bg-opacity=\"1\" data-hover-bg=\"\" data-hover-bg-opacity=\"1\" data-animation=\"\" data-delay=\"0\" >\n\t\t<div class=\"vc_column-inner\" ><div class=\"column-bg-overlay-wrap\" data-bg-animation=\"none\"><div class=\"column-bg-overlay\"><\/div><\/div>\n\t\t\t<div class=\"wpb_wrapper\">\n\t\t\t\t<div class=\"team-member\" data-style=\"bio_fullscreen_alt\">    <div class=\"team-member-image\"><div class=\"team-member-image-inner\"><img loading=\"lazy\" decoding=\"async\" src=\"https:\/\/verysellgroup.com\/wp-content\/uploads\/2021\/11\/AC_large-1024x1024.jpg\" width=\"500\" height=\"500\" alt=\"\" \/><\/div><\/div>    <div class=\"team-member-overlay\"><\/div>    <div class=\"team-meta\"><h5>Directeur des op\u00e9rations<\/h5><h3>Alistair Copeland<\/h3><p><\/p><div class=\"nectar-cta\" data-color=\"default\" data-using-bg=\"false\" data-style=\"arrow-animation\" data-display=\"block\" data-alignment=\"left\"><span class=\"link_wrap\"><a class=\"link_text\" href=\"#\"><svg class=\"next-arrow\" width=\"20px\" height=\"25px\" viewbox=\"0 0 50 80\" xml:space=\"preserve\">  <polyline stroke=\"#000000\" stroke-width=\"9\" fill=\"none\" stroke-linecap=\"round\" stroke-linejoin=\"round\" points=\"0, 0 45, 40 0, 80\"><\/polyline>  <\/svg><span class=\"line\" style=\"background-color: #000;\"><\/span> <\/a><\/span><\/div><\/div>    <div class=\"nectar_team_bio_img\" data-img-src=\"\"><\/div>    <div class=\"nectar_team_bio\">Alistair Copeland a plus de 20 ans d&#039;exp\u00e9rience en tant que chef d&#039;entreprise innovant et expert technologique hautement qualifi\u00e9. Son souci du succ\u00e8s et de l&#039;int\u00e9grit\u00e9 de ses clients lui a valu la r\u00e9putation de conseiller de confiance aupr\u00e8s des nombreux clients qui font appel \u00e0 ses services. Au cours de la d\u00e9cennie pr\u00e9c\u00e9dente, M. Copeland \u00e9tait directeur g\u00e9n\u00e9ral de NashTech, une division de Harvey Nash, bas\u00e9e \u00e0 Londres. Il a dirig\u00e9 la construction expansive de nouveaux march\u00e9s, a entra\u00een\u00e9 une croissance significative des effectifs et a g\u00e9r\u00e9 un P &amp; L r\u00e9ussi. M. Copeland est dipl\u00f4m\u00e9 de l&#039;Universit\u00e9 Queen&#039;s de Belfast avec un baccalaur\u00e9at \u00e8s sciences (majeure en informatique)<div class=\"bottom_meta\"><\/div><\/div>    <\/div>\n\t\t\t<\/div> \n\t\t<\/div>\n\t<\/div> \n<\/div><\/div>","protected":false},"excerpt":{"rendered":"Le groupe Verysell est dirig\u00e9 par ses fondateurs Mikha\u00efl KrasnovPr\u00e9sident ex\u00e9cutif Mikha\u00efl Krasnov est titulaire d&#039;un doctorat....","protected":false},"author":5,"featured_media":0,"parent":0,"menu_order":0,"comment_status":"closed","ping_status":"closed","template":"","meta":{"inline_featured_image":false,"footnotes":""},"class_list":["post-7154","page","type-page","status-publish"],"yoast_head":"<!-- This site is optimized with the Yoast SEO plugin v27.5 - https:\/\/yoast.com\/product\/yoast-seo-wordpress\/ -->\n<title>Executive Board | Verysell - Advanced AI &amp; Information Technologies<\/title>\n<meta name=\"description\" content=\"Mikhail Krasnov, Executive Chairman of Verysell Group, is a visionary leader in AI, digital transformation, and business innovation, based in Switzerland.\" \/>\n<meta name=\"robots\" content=\"index, follow, max-snippet:-1, max-image-preview:large, max-video-preview:-1\" \/>\n<link rel=\"canonical\" href=\"https:\/\/verysellgroup.com\/fr\/executive-board\/\" \/>\n<meta property=\"og:locale\" content=\"fr_FR\" \/>\n<meta property=\"og:type\" content=\"article\" \/>\n<meta property=\"og:title\" content=\"Executive Board | Verysell - Advanced AI &amp; Information Technologies\" \/>\n<meta property=\"og:description\" content=\"Mikhail Krasnov, Executive Chairman of Verysell Group, is a visionary leader in AI, digital transformation, and business innovation, based in Switzerland.\" \/>\n<meta property=\"og:url\" content=\"https:\/\/verysellgroup.com\/fr\/executive-board\/\" \/>\n<meta property=\"og:site_name\" content=\"Verysell\" \/>\n<meta property=\"article:modified_time\" content=\"2025-03-20T14:04:31+00:00\" \/>\n<meta name=\"twitter:card\" content=\"summary_large_image\" \/>\n<meta name=\"twitter:label1\" content=\"Dur\u00e9e de lecture estim\u00e9e\" \/>\n\t<meta name=\"twitter:data1\" content=\"4 minutes\" \/>\n<script type=\"application\/ld+json\" class=\"yoast-schema-graph\">{\"@context\":\"https:\\\/\\\/schema.org\",\"@graph\":[{\"@type\":\"WebPage\",\"@id\":\"https:\\\/\\\/verysellgroup.com\\\/executive-board\\\/\",\"url\":\"https:\\\/\\\/verysellgroup.com\\\/executive-board\\\/\",\"name\":\"Executive Board | Verysell - Advanced AI &amp; Information Technologies\",\"isPartOf\":{\"@id\":\"https:\\\/\\\/verysellgroup.com\\\/#website\"},\"datePublished\":\"2022-01-24T03:25:07+00:00\",\"dateModified\":\"2025-03-20T14:04:31+00:00\",\"description\":\"Mikhail Krasnov, Executive Chairman of Verysell Group, is a visionary leader in AI, digital transformation, and business innovation, based in Switzerland.\",\"breadcrumb\":{\"@id\":\"https:\\\/\\\/verysellgroup.com\\\/executive-board\\\/#breadcrumb\"},\"inLanguage\":\"fr-FR\",\"potentialAction\":[{\"@type\":\"ReadAction\",\"target\":[\"https:\\\/\\\/verysellgroup.com\\\/executive-board\\\/\"]}]},{\"@type\":\"BreadcrumbList\",\"@id\":\"https:\\\/\\\/verysellgroup.com\\\/executive-board\\\/#breadcrumb\",\"itemListElement\":[{\"@type\":\"ListItem\",\"position\":1,\"name\":\"Home\",\"item\":\"https:\\\/\\\/verysellgroup.com\\\/\"},{\"@type\":\"ListItem\",\"position\":2,\"name\":\"Executive Board\"}]},{\"@type\":\"WebSite\",\"@id\":\"https:\\\/\\\/verysellgroup.com\\\/#website\",\"url\":\"https:\\\/\\\/verysellgroup.com\\\/\",\"name\":\"Verysell Group\",\"description\":\"Advanced AI &amp; Information Technologies\",\"alternateName\":\"Verysell Group\",\"potentialAction\":[{\"@type\":\"SearchAction\",\"target\":{\"@type\":\"EntryPoint\",\"urlTemplate\":\"https:\\\/\\\/verysellgroup.com\\\/?s={search_term_string}\"},\"query-input\":{\"@type\":\"PropertyValueSpecification\",\"valueRequired\":true,\"valueName\":\"search_term_string\"}}],\"inLanguage\":\"fr-FR\"}]}<\/script>\n<!-- \/ Yoast SEO plugin. -->","yoast_head_json":{"title":"Comit\u00e9 ex\u00e9cutif | Verysell - IA avanc\u00e9e et technologies de l&#039;information","description":"Mikhail Krasnov, Executive Chairman of Verysell Group, is a visionary leader in AI, digital transformation, and business innovation, based in Switzerland.","robots":{"index":"index","follow":"follow","max-snippet":"max-snippet:-1","max-image-preview":"max-image-preview:large","max-video-preview":"max-video-preview:-1"},"canonical":"https:\/\/verysellgroup.com\/fr\/executive-board\/","og_locale":"fr_FR","og_type":"article","og_title":"Executive Board | Verysell - Advanced AI &amp; Information Technologies","og_description":"Mikhail Krasnov, Executive Chairman of Verysell Group, is a visionary leader in AI, digital transformation, and business innovation, based in Switzerland.","og_url":"https:\/\/verysellgroup.com\/fr\/executive-board\/","og_site_name":"Verysell","article_modified_time":"2025-03-20T14:04:31+00:00","twitter_card":"summary_large_image","twitter_misc":{"Dur\u00e9e de lecture estim\u00e9e":"4 minutes"},"schema":{"@context":"https:\/\/schema.org","@graph":[{"@type":"WebPage","@id":"https:\/\/verysellgroup.com\/executive-board\/","url":"https:\/\/verysellgroup.com\/executive-board\/","name":"Comit\u00e9 ex\u00e9cutif | Verysell - IA avanc\u00e9e et technologies de l&#039;information","isPartOf":{"@id":"https:\/\/verysellgroup.com\/#website"},"datePublished":"2022-01-24T03:25:07+00:00","dateModified":"2025-03-20T14:04:31+00:00","description":"Mikhail Krasnov, Executive Chairman of Verysell Group, is a visionary leader in AI, digital transformation, and business innovation, based in Switzerland.","breadcrumb":{"@id":"https:\/\/verysellgroup.com\/executive-board\/#breadcrumb"},"inLanguage":"fr-FR","potentialAction":[{"@type":"ReadAction","target":["https:\/\/verysellgroup.com\/executive-board\/"]}]},{"@type":"BreadcrumbList","@id":"https:\/\/verysellgroup.com\/executive-board\/#breadcrumb","itemListElement":[{"@type":"ListItem","position":1,"name":"Home","item":"https:\/\/verysellgroup.com\/"},{"@type":"ListItem","position":2,"name":"Executive Board"}]},{"@type":"WebSite","@id":"https:\/\/verysellgroup.com\/#website","url":"https:\/\/verysellgroup.com\/","name":"Groupe Verysell","description":"IA avanc\u00e9e et technologies de l&#039;information","alternateName":"Verysell Group","potentialAction":[{"@type":"SearchAction","target":{"@type":"EntryPoint","urlTemplate":"https:\/\/verysellgroup.com\/?s={search_term_string}"},"query-input":{"@type":"PropertyValueSpecification","valueRequired":true,"valueName":"search_term_string"}}],"inLanguage":"fr-FR"}]}},"_links":{"self":[{"href":"https:\/\/verysellgroup.com\/fr\/wp-json\/wp\/v2\/pages\/7154","targetHints":{"allow":["GET"]}}],"collection":[{"href":"https:\/\/verysellgroup.com\/fr\/wp-json\/wp\/v2\/pages"}],"about":[{"href":"https:\/\/verysellgroup.com\/fr\/wp-json\/wp\/v2\/types\/page"}],"author":[{"embeddable":true,"href":"https:\/\/verysellgroup.com\/fr\/wp-json\/wp\/v2\/users\/5"}],"replies":[{"embeddable":true,"href":"https:\/\/verysellgroup.com\/fr\/wp-json\/wp\/v2\/comments?post=7154"}],"version-history":[{"count":0,"href":"https:\/\/verysellgroup.com\/fr\/wp-json\/wp\/v2\/pages\/7154\/revisions"}],"wp:attachment":[{"href":"https:\/\/verysellgroup.com\/fr\/wp-json\/wp\/v2\/media?parent=7154"}],"curies":[{"name":"wp","href":"https:\/\/api.w.org\/{rel}","templated":true}]}}