{"id":7434,"date":"2022-10-13T03:27:56","date_gmt":"2022-10-13T03:27:56","guid":{"rendered":"https:\/\/verysellgroup.wpenginepowered.com\/?page_id=7434"},"modified":"2026-02-11T02:29:36","modified_gmt":"2026-02-11T02:29:36","slug":"about-us","status":"publish","type":"page","link":"https:\/\/verysellgroup.com\/fr\/about-us\/","title":{"rendered":"\u00c0 propos de nous"},"content":{"rendered":"<div id=\"fws_69e3839659d51\"  data-column-margin=\"default\" data-midnight=\"light\" data-top-percent=\"12%\" data-bottom-percent=\"12%\"  class=\"wpb_row vc_row-fluid vc_row full-width-section standard_section\"  style=\"padding-top: calc(100vw * 0.12); padding-bottom: calc(100vw * 0.12); \"><div class=\"row-bg-wrap\" data-bg-animation=\"none\" data-bg-overlay=\"false\"><div class=\"inner-wrap using-image\"><div class=\"row-bg using-image using-bg-color\"  style=\"background-image: url(https:\/\/verysellgroup.com\/wp-content\/uploads\/2022\/10\/home_page-top-01.jpeg); background-position: left top; background-repeat: no-repeat; background-color: #161616; \"><\/div><\/div><div class=\"row-bg-overlay\" ><\/div><\/div><div class=\"row_col_wrap_12 col span_12 light left\">\n\t<div  class=\"vc_col-sm-12 vc_col-lg-12 vc_col-md-12 vc_col-xs-12 wpb_column column_container vc_column_container col padding-4-percent inherit_tablet inherit_phone\"  data-t-w-inherits=\"default\" data-bg-cover=\"\" data-padding-pos=\"bottom\" data-has-bg-color=\"false\" data-bg-color=\"\" data-bg-opacity=\"1\" data-hover-bg=\"\" data-hover-bg-opacity=\"1\" data-animation=\"\" data-delay=\"0\" >\n\t\t<div class=\"vc_column-inner\" ><div class=\"column-bg-overlay-wrap\" data-bg-animation=\"none\"><div class=\"column-bg-overlay\"><\/div><\/div>\n\t\t\t<div class=\"wpb_wrapper\">\n\t\t\t\t<div id=\"fws_69e383965a095\" data-midnight=\"\" data-column-margin=\"default\" class=\"wpb_row vc_row-fluid vc_row inner_row standard_section\"  style=\"padding-top: 0px; padding-bottom: 0px; \"><div class=\"row-bg-wrap\"> <div class=\"row-bg\" ><\/div> <\/div><div class=\"row_col_wrap_12_inner col span_12  left\">\n\t<div  class=\"vc_col-sm-10 wpb_column column_container vc_column_container col child_column has-animation no-extra-padding inherit_tablet inherit_phone\"   data-t-w-inherits=\"default\" data-bg-cover=\"\" data-padding-pos=\"all\" data-has-bg-color=\"false\" data-bg-color=\"\" data-bg-opacity=\"1\" data-hover-bg=\"\" data-hover-bg-opacity=\"1\" data-animation=\"fade-in-from-bottom\" data-delay=\"0\">\n\t\t<div class=\"vc_column-inner\" ><div class=\"column-bg-overlay-wrap\" data-bg-animation=\"none\"><div class=\"column-bg-overlay\"><\/div><\/div>\n\t\t<div class=\"wpb_wrapper\">\n\t\t\t\r\n<div class=\"wpb_text_column wpb_content_element  vc_custom_1739268819098\" style=\" max-width: 850px; display: inline-block;\">\r\n\t<div class=\"wpb_wrapper\">\r\n\t\t<h4 style=\"font-size: 20px; line-height: 1.4;\">Nous sommes Verysell, un groupe international d&#039;entreprises dont le si\u00e8ge est en Suisse et op\u00e9rant dans 16 pays sur 4 continents.<\/h4>\n<h4 style=\"font-size: 20px; line-height: 1.4;\">Depuis 1990, nous fournissons des solutions avanc\u00e9es de technologie de l&#039;information aux entreprises clientes, aux agences gouvernementales, aux PME et aux startups. Notre expertise se situe dans divers segments de l&#039;informatique, y compris la distribution de produits informatiques, l&#039;int\u00e9gration de syst\u00e8mes informatiques et l&#039;automatisation industrielle.<\/h4>\n<h4 style=\"font-size: 20px; line-height: 1.4;\">Actuellement, nous nous concentrons sur l&#039;externalisation du d\u00e9veloppement de logiciels, la fintech et l&#039;IA. Notre \u00e9quipe se compose de 450 professionnels d\u00e9vou\u00e9s et passionn\u00e9s qui parlent anglais, fran\u00e7ais, vietnamien, russe et diverses autres langues asiatiques, africaines et europ\u00e9ennes.<\/h4>\n\t<\/div>\r\n<\/div>\r\n\r\n\r\n\r\n\n\t\t<\/div> \n\t<\/div>\n\t<\/div> \n\n\t<div  class=\"vc_col-sm-2 wpb_column column_container vc_column_container col child_column no-extra-padding inherit_tablet inherit_phone\"   data-t-w-inherits=\"default\" data-bg-cover=\"\" data-padding-pos=\"all\" data-has-bg-color=\"false\" data-bg-color=\"\" data-bg-opacity=\"1\" data-hover-bg=\"\" data-hover-bg-opacity=\"1\" data-animation=\"\" data-delay=\"0\">\n\t\t<div class=\"vc_column-inner\" ><div class=\"column-bg-overlay-wrap\" data-bg-animation=\"none\"><div class=\"column-bg-overlay\"><\/div><\/div>\n\t\t<div class=\"wpb_wrapper\">\n\t\t\t\n\t\t<\/div> \n\t<\/div>\n\t<\/div> \n<\/div><\/div>\n\t\t\t<\/div> \n\t\t<\/div>\n\t<\/div> \n<\/div><\/div>\n\t\t<div id=\"fws_69e383965a58c\"  data-column-margin=\"default\" data-midnight=\"dark\" data-top-percent=\"10%\" data-bottom-percent=\"10%\"  class=\"wpb_row vc_row-fluid vc_row full-width-section standard_section\"  style=\"padding-top: calc(100vw * 0.10); padding-bottom: calc(100vw * 0.10); \"><div class=\"row-bg-wrap\" data-bg-animation=\"none\" data-bg-overlay=\"false\"><div class=\"inner-wrap\"><div class=\"row-bg\"  style=\"\"><\/div><\/div><div class=\"row-bg-overlay\" ><\/div><\/div><div class=\"row_col_wrap_12 col span_12 dark left\">\n\t<div  class=\"vc_col-sm-1 wpb_column column_container vc_column_container col no-extra-padding inherit_tablet inherit_phone\"  data-t-w-inherits=\"default\" data-bg-cover=\"\" data-padding-pos=\"all\" data-has-bg-color=\"false\" data-bg-color=\"\" data-bg-opacity=\"1\" data-hover-bg=\"\" data-hover-bg-opacity=\"1\" data-animation=\"\" data-delay=\"0\" >\n\t\t<div class=\"vc_column-inner\" ><div class=\"column-bg-overlay-wrap\" data-bg-animation=\"none\"><div class=\"column-bg-overlay\"><\/div><\/div>\n\t\t\t<div class=\"wpb_wrapper\">\n\t\t\t\t\n\t\t\t<\/div> \n\t\t<\/div>\n\t<\/div> \n\n\t<div  class=\"vc_col-sm-10 wpb_column column_container vc_column_container col centered-text no-extra-padding inherit_tablet inherit_phone\"  data-t-w-inherits=\"default\" data-bg-cover=\"\" data-padding-pos=\"all\" data-has-bg-color=\"false\" data-bg-color=\"\" data-bg-opacity=\"1\" data-hover-bg=\"\" data-hover-bg-opacity=\"1\" data-animation=\"\" data-delay=\"0\" >\n\t\t<div class=\"vc_column-inner\" ><div class=\"column-bg-overlay-wrap\" data-bg-animation=\"none\"><div class=\"column-bg-overlay\"><\/div><\/div>\n\t\t\t<div class=\"wpb_wrapper\">\n\t\t\t\t\r\n<div class=\"wpb_text_column wpb_content_element\" >\r\n\t<div class=\"wpb_wrapper\">\r\n\t\t<h2 style=\"text-align: center;\">Nous laissons parler nos num\u00e9ros de personnes!<\/h2>\n\t<\/div>\r\n<\/div>\r\n\r\n\r\n\r\n\r\n<div class=\"wpb_text_column wpb_content_element\" >\r\n\t<div class=\"wpb_wrapper\">\r\n\t\t<p style=\"text-align: center;\">Nous combinons les 32 ann\u00e9es d&#039;exp\u00e9rience informatique de notre Pr\u00e9sident avec l&#039;\u00e9nergie et l&#039;enthousiasme d&#039;une \u00e9quipe jeune, o\u00f9 2\/3 de nos collaborateurs ont moins de 25 ans.<\/p>\n\t<\/div>\r\n<\/div>\r\n\r\n\r\n\r\n<div class=\"divider-wrap\" data-alignment=\"default\"><div style=\"margin-top: 50px; width: 100px; height: 4px; margin-bottom: 50px;\" data-width=\"100\" data-animate=\"yes\" data-animation-delay=\"\" data-color=\"accent-color\" class=\"divider-small-border\"><\/div><\/div><div id=\"fws_69e383965a983\" data-midnight=\"\" data-column-margin=\"default\" class=\"wpb_row vc_row-fluid vc_row inner_row standard_section\"  style=\"padding-top: 0px; padding-bottom: 0px; \"><div class=\"row-bg-wrap\"> <div class=\"row-bg\" ><\/div> <\/div><div class=\"row_col_wrap_12_inner col span_12  left\">\n\t<div  class=\"vc_col-sm-4 wpb_column column_container vc_column_container col child_column padding-4-percent inherit_tablet inherit_phone\"   data-t-w-inherits=\"default\" data-bg-cover=\"\" data-padding-pos=\"all\" data-has-bg-color=\"false\" data-bg-color=\"\" data-bg-opacity=\"1\" data-hover-bg=\"\" data-hover-bg-opacity=\"1\" data-animation=\"\" data-delay=\"0\">\n\t\t<div class=\"vc_column-inner\" ><div class=\"column-bg-overlay-wrap\" data-bg-animation=\"none\"><div class=\"column-bg-overlay\"><\/div><\/div>\n\t\t<div class=\"wpb_wrapper\">\n\t\t\t<div class=\"nectar-milestone\"  data-ms-align=\"default\" > <div class=\"number accent-color\" data-number-size=\"92\"><h2><span>450<\/span><\/h2><\/div> <div class=\"subject\" >Jusqu&#039;\u00e0 450 personnes travaillent pour notre \u00e9quipe \u00e0 l&#039;\u00e9chelle mondiale.<\/div> <\/div>\n\t\t<\/div> \n\t<\/div>\n\t<\/div> \n\n\t<div  class=\"vc_col-sm-4 wpb_column column_container vc_column_container col child_column padding-4-percent inherit_tablet inherit_phone\"   data-t-w-inherits=\"default\" data-bg-cover=\"\" data-padding-pos=\"all\" data-has-bg-color=\"false\" data-bg-color=\"\" data-bg-opacity=\"1\" data-hover-bg=\"\" data-hover-bg-opacity=\"1\" data-animation=\"\" data-delay=\"0\">\n\t\t<div class=\"vc_column-inner\" ><div class=\"column-bg-overlay-wrap\" data-bg-animation=\"none\"><div class=\"column-bg-overlay\"><\/div><\/div>\n\t\t<div class=\"wpb_wrapper\">\n\t\t\t<div class=\"nectar-milestone\"  data-ms-align=\"default\" > <div class=\"number accent-color\" data-number-size=\"92\"><h2><span>18<\/span><\/h2><\/div> <div class=\"subject\" >Nos origines culturelles diverses et nos nationalit\u00e9s vari\u00e9es contribuent \u00e0 nos origines et capacit\u00e9s diff\u00e9rentes.<\/div> <\/div>\n\t\t<\/div> \n\t<\/div>\n\t<\/div> \n\n\t<div  class=\"vc_col-sm-4 wpb_column column_container vc_column_container col child_column padding-4-percent inherit_tablet inherit_phone\"   data-t-w-inherits=\"default\" data-bg-cover=\"\" data-padding-pos=\"all\" data-has-bg-color=\"false\" data-bg-color=\"\" data-bg-opacity=\"1\" data-hover-bg=\"\" data-hover-bg-opacity=\"1\" data-animation=\"\" data-delay=\"0\">\n\t\t<div class=\"vc_column-inner\" ><div class=\"column-bg-overlay-wrap\" data-bg-animation=\"none\"><div class=\"column-bg-overlay\"><\/div><\/div>\n\t\t<div class=\"wpb_wrapper\">\n\t\t\t<div class=\"nectar-milestone\"  data-ms-align=\"default\" > <div class=\"number accent-color\" data-number-size=\"92\"><h2><span>9<\/span><\/h2><\/div> <div class=\"subject\" >Nous op\u00e9rons dans 9 pays sur 4 continents, pr\u00e9servant la culture et les valeurs de Verysell dans tous les pays et territoires.<\/div> <\/div>\n\t\t<\/div> \n\t<\/div>\n\t<\/div> \n<\/div><\/div>\n\t\t\t<\/div> \n\t\t<\/div>\n\t<\/div> \n\n\t<div  class=\"vc_col-sm-1 wpb_column column_container vc_column_container col no-extra-padding inherit_tablet inherit_phone\"  data-t-w-inherits=\"default\" data-bg-cover=\"\" data-padding-pos=\"all\" data-has-bg-color=\"false\" data-bg-color=\"\" data-bg-opacity=\"1\" data-hover-bg=\"\" data-hover-bg-opacity=\"1\" data-animation=\"\" data-delay=\"0\" >\n\t\t<div class=\"vc_column-inner\" ><div class=\"column-bg-overlay-wrap\" data-bg-animation=\"none\"><div class=\"column-bg-overlay\"><\/div><\/div>\n\t\t\t<div class=\"wpb_wrapper\">\n\t\t\t\t\n\t\t\t<\/div> \n\t\t<\/div>\n\t<\/div> \n<\/div><\/div>\n\t\t<div id=\"fws_69e383965b4c7\"  data-column-margin=\"default\" data-midnight=\"light\"  class=\"wpb_row vc_row-fluid vc_row full-width-content  vc_row-o-equal-height vc_row-flex  vc_row-o-content-middle standard_section\"  style=\"padding-top: 0px; padding-bottom: 0px; \"><div class=\"row-bg-wrap\" data-bg-animation=\"none\" data-bg-overlay=\"false\"><div class=\"inner-wrap\"><div class=\"row-bg\"  style=\"\"><\/div><\/div><div class=\"row-bg-overlay\" ><\/div><\/div><div class=\"row_col_wrap_12 col span_12 light left\">\n\t<div style=\"\" class=\"vc_col-sm-6 wpb_column column_container vc_column_container col centered-text has-animation padding-8-percent inherit_tablet inherit_phone\" data-using-bg=\"true\" data-t-w-inherits=\"default\" data-bg-cover=\"true\" data-padding-pos=\"all\" data-has-bg-color=\"true\" data-bg-color=\"#2d2d2d\" data-bg-opacity=\"0.6\" data-hover-bg=\"\" data-hover-bg-opacity=\"0.4\" data-animation=\"grow-in\" data-delay=\"0\" >\n\t\t<div class=\"vc_column-inner\" ><div class=\"column-image-bg-wrap\" data-bg-pos=\"center center\" data-bg-animation=\"none\" data-bg-overlay=\"false\"><div class=\"inner-wrap\"><div class=\"column-image-bg\" style=\" background-image: url('https:\/\/verysellgroup.com\/wp-content\/uploads\/2022\/10\/mountain-1.png'); \"><\/div><\/div><\/div><div class=\"column-bg-overlay-wrap\" data-bg-animation=\"none\"><div class=\"column-bg-overlay\" style=\"opacity: 0.6; background-color: #2d2d2d;\"><\/div><\/div>\n\t\t\t<div class=\"wpb_wrapper\">\n\t\t\t\t<div class=\"divider-wrap\" data-alignment=\"default\"><div style=\"height: 100px;\" class=\"divider\"><\/div><\/div><h3 style=\"color: rgba(255,255,255,0.7);text-align: center\" class=\"vc_custom_heading\" >Leadership charismatique<\/h3><p style=\"text-align: center\" class=\"vc_custom_heading\" >Notre \u00e9quipe d&#039;experts de plus de 100 ans d&#039;exp\u00e9rience cumul\u00e9e en informatique guidera l&#039;orientation strat\u00e9gique et nous gardera une longueur d&#039;avance sur la concurrence, alors que nous d\u00e9veloppons notre op\u00e9ration mondiale.<\/p><a class=\"nectar-button large regular accent-color  regular-button\"  style=\"margin-top: 25px; \" target=\"_blank\" href=\"https:\/\/verysellgroup.com\/fr\/executive-board\/\" data-color-override=\"false\" data-hover-color-override=\"false\" data-hover-text-color-override=\"#fff\"><span>Rencontrer l&#039;\u00e9quipe<\/span><\/a><div class=\"divider-wrap\" data-alignment=\"default\"><div style=\"height: 100px;\" class=\"divider\"><\/div><\/div>\n\t\t\t<\/div> \n\t\t<\/div>\n\t<\/div> \n\n\t<div style=\"\" class=\"vc_col-sm-6 wpb_column column_container vc_column_container col centered-text has-animation padding-8-percent inherit_tablet inherit_phone\" data-using-bg=\"true\" data-t-w-inherits=\"default\" data-bg-cover=\"true\" data-padding-pos=\"all\" data-has-bg-color=\"true\" data-bg-color=\"#2d2d2d\" data-bg-opacity=\"0.7\" data-hover-bg=\"\" data-hover-bg-opacity=\"0.5\" data-animation=\"grow-in\" data-delay=\"150\" >\n\t\t<div class=\"vc_column-inner\" ><div class=\"column-image-bg-wrap\" data-bg-pos=\"center center\" data-bg-animation=\"none\" data-bg-overlay=\"false\"><div class=\"inner-wrap\"><div class=\"column-image-bg\" style=\" background-image: url('https:\/\/verysellgroup.com\/wp-content\/uploads\/2022\/10\/coworking.png'); \"><\/div><\/div><\/div><div class=\"column-bg-overlay-wrap\" data-bg-animation=\"none\"><div class=\"column-bg-overlay\" style=\"opacity: 0.7; background-color: #2d2d2d;\"><\/div><\/div>\n\t\t\t<div class=\"wpb_wrapper\">\n\t\t\t\t<div class=\"divider-wrap\" data-alignment=\"default\"><div style=\"height: 100px;\" class=\"divider\"><\/div><\/div><h3 style=\"color: rgba(255,255,255,0.7);text-align: center\" class=\"vc_custom_heading\" >Excellente \u00e9quipe op\u00e9rationnelle<\/h3><p style=\"text-align: center\" class=\"vc_custom_heading\" >De grands esprits travaillent ici. Nous avons le m\u00e9lange parfait de leadership et d&#039;exp\u00e9rience, une exp\u00e9rience internationale et diversifi\u00e9e, ce qui conduit \u00e0 la satisfaction de nos clients et \u00e0 la n\u00f4tre.<\/p><a class=\"nectar-button large regular accent-color  regular-button\"  style=\"margin-top: 25px; \" target=\"_blank\" href=\"https:\/\/verysellgroup.com\/fr\/meet-our-team\/\" data-color-override=\"false\" data-hover-color-override=\"false\" data-hover-text-color-override=\"#fff\"><span>Apprenez \u00e0 les conna\u00eetre<\/span><\/a><div class=\"divider-wrap\" data-alignment=\"default\"><div style=\"height: 100px;\" class=\"divider\"><\/div><\/div>\n\t\t\t<\/div> \n\t\t<\/div>\n\t<\/div> \n<\/div><\/div>","protected":false},"excerpt":{"rendered":"Nous sommes Verysell, un groupe international d&#039;entreprises dont le si\u00e8ge est en Suisse et op\u00e9rant dans 16...","protected":false},"author":9,"featured_media":7087,"parent":0,"menu_order":0,"comment_status":"closed","ping_status":"closed","template":"","meta":{"inline_featured_image":false,"footnotes":""},"class_list":["post-7434","page","type-page","status-publish","has-post-thumbnail"],"yoast_head":"<!-- This site is optimized with the Yoast SEO plugin v27.4 - https:\/\/yoast.com\/product\/yoast-seo-wordpress\/ -->\n<title>About Us | Verysell - Advanced AI &amp; Information Technologies<\/title>\n<meta name=\"description\" content=\"We are Verysell. A truly global business with over 30 years of experience in providing information technology services to customers across 4 continents.\" \/>\n<meta name=\"robots\" content=\"index, follow, max-snippet:-1, max-image-preview:large, max-video-preview:-1\" \/>\n<link rel=\"canonical\" href=\"https:\/\/verysellgroup.com\/fr\/about-us\/\" \/>\n<meta property=\"og:locale\" content=\"fr_FR\" \/>\n<meta property=\"og:type\" content=\"article\" \/>\n<meta property=\"og:title\" content=\"About Us | Verysell - Advanced AI &amp; Information Technologies\" \/>\n<meta property=\"og:description\" content=\"We are Verysell. A truly global business with over 30 years of experience in providing information technology services to customers across 4 continents.\" \/>\n<meta property=\"og:url\" content=\"https:\/\/verysellgroup.com\/fr\/about-us\/\" \/>\n<meta property=\"og:site_name\" content=\"Verysell\" \/>\n<meta property=\"article:modified_time\" content=\"2026-02-11T02:29:36+00:00\" \/>\n<meta property=\"og:image\" content=\"https:\/\/verysellgroup.com\/wp-content\/uploads\/2021\/11\/verysell-logo-cutout.png\" \/>\n\t<meta property=\"og:image:width\" content=\"1478\" \/>\n\t<meta property=\"og:image:height\" content=\"278\" \/>\n\t<meta property=\"og:image:type\" content=\"image\/png\" \/>\n<meta name=\"twitter:card\" content=\"summary_large_image\" \/>\n<meta name=\"twitter:label1\" content=\"Dur\u00e9e de lecture estim\u00e9e\" \/>\n\t<meta name=\"twitter:data1\" content=\"3 minutes\" \/>\n<script type=\"application\/ld+json\" class=\"yoast-schema-graph\">{\"@context\":\"https:\\\/\\\/schema.org\",\"@graph\":[{\"@type\":\"WebPage\",\"@id\":\"https:\\\/\\\/verysellgroup.com\\\/about-us\\\/\",\"url\":\"https:\\\/\\\/verysellgroup.com\\\/about-us\\\/\",\"name\":\"About Us | Verysell - Advanced AI &amp; Information Technologies\",\"isPartOf\":{\"@id\":\"https:\\\/\\\/verysellgroup.com\\\/#website\"},\"primaryImageOfPage\":{\"@id\":\"https:\\\/\\\/verysellgroup.com\\\/about-us\\\/#primaryimage\"},\"image\":{\"@id\":\"https:\\\/\\\/verysellgroup.com\\\/about-us\\\/#primaryimage\"},\"thumbnailUrl\":\"https:\\\/\\\/verysellgroup.com\\\/wp-content\\\/uploads\\\/2021\\\/11\\\/verysell-logo-cutout.png\",\"datePublished\":\"2022-10-13T03:27:56+00:00\",\"dateModified\":\"2026-02-11T02:29:36+00:00\",\"description\":\"We are Verysell. A truly global business with over 30 years of experience in providing information technology services to customers across 4 continents.\",\"breadcrumb\":{\"@id\":\"https:\\\/\\\/verysellgroup.com\\\/about-us\\\/#breadcrumb\"},\"inLanguage\":\"fr-FR\",\"potentialAction\":[{\"@type\":\"ReadAction\",\"target\":[\"https:\\\/\\\/verysellgroup.com\\\/about-us\\\/\"]}]},{\"@type\":\"ImageObject\",\"inLanguage\":\"fr-FR\",\"@id\":\"https:\\\/\\\/verysellgroup.com\\\/about-us\\\/#primaryimage\",\"url\":\"https:\\\/\\\/verysellgroup.com\\\/wp-content\\\/uploads\\\/2021\\\/11\\\/verysell-logo-cutout.png\",\"contentUrl\":\"https:\\\/\\\/verysellgroup.com\\\/wp-content\\\/uploads\\\/2021\\\/11\\\/verysell-logo-cutout.png\",\"width\":1478,\"height\":278},{\"@type\":\"BreadcrumbList\",\"@id\":\"https:\\\/\\\/verysellgroup.com\\\/about-us\\\/#breadcrumb\",\"itemListElement\":[{\"@type\":\"ListItem\",\"position\":1,\"name\":\"Home\",\"item\":\"https:\\\/\\\/verysellgroup.com\\\/\"},{\"@type\":\"ListItem\",\"position\":2,\"name\":\"About Us\"}]},{\"@type\":\"WebSite\",\"@id\":\"https:\\\/\\\/verysellgroup.com\\\/#website\",\"url\":\"https:\\\/\\\/verysellgroup.com\\\/\",\"name\":\"Verysell Group\",\"description\":\"Advanced AI &amp; Information Technologies\",\"alternateName\":\"Verysell Group\",\"potentialAction\":[{\"@type\":\"SearchAction\",\"target\":{\"@type\":\"EntryPoint\",\"urlTemplate\":\"https:\\\/\\\/verysellgroup.com\\\/?s={search_term_string}\"},\"query-input\":{\"@type\":\"PropertyValueSpecification\",\"valueRequired\":true,\"valueName\":\"search_term_string\"}}],\"inLanguage\":\"fr-FR\"}]}<\/script>\n<!-- \/ Yoast SEO plugin. -->","yoast_head_json":{"title":"About Us | Verysell - Advanced AI &amp; Information Technologies","description":"We are Verysell. A truly global business with over 30 years of experience in providing information technology services to customers across 4 continents.","robots":{"index":"index","follow":"follow","max-snippet":"max-snippet:-1","max-image-preview":"max-image-preview:large","max-video-preview":"max-video-preview:-1"},"canonical":"https:\/\/verysellgroup.com\/fr\/about-us\/","og_locale":"fr_FR","og_type":"article","og_title":"About Us | Verysell - Advanced AI &amp; Information Technologies","og_description":"We are Verysell. A truly global business with over 30 years of experience in providing information technology services to customers across 4 continents.","og_url":"https:\/\/verysellgroup.com\/fr\/about-us\/","og_site_name":"Verysell","article_modified_time":"2026-02-11T02:29:36+00:00","og_image":[{"width":1478,"height":278,"url":"https:\/\/verysellgroup.com\/wp-content\/uploads\/2021\/11\/verysell-logo-cutout.png","type":"image\/png"}],"twitter_card":"summary_large_image","twitter_misc":{"Dur\u00e9e de lecture estim\u00e9e":"3 minutes"},"schema":{"@context":"https:\/\/schema.org","@graph":[{"@type":"WebPage","@id":"https:\/\/verysellgroup.com\/about-us\/","url":"https:\/\/verysellgroup.com\/about-us\/","name":"About Us | Verysell - Advanced AI &amp; Information Technologies","isPartOf":{"@id":"https:\/\/verysellgroup.com\/#website"},"primaryImageOfPage":{"@id":"https:\/\/verysellgroup.com\/about-us\/#primaryimage"},"image":{"@id":"https:\/\/verysellgroup.com\/about-us\/#primaryimage"},"thumbnailUrl":"https:\/\/verysellgroup.com\/wp-content\/uploads\/2021\/11\/verysell-logo-cutout.png","datePublished":"2022-10-13T03:27:56+00:00","dateModified":"2026-02-11T02:29:36+00:00","description":"We are Verysell. A truly global business with over 30 years of experience in providing information technology services to customers across 4 continents.","breadcrumb":{"@id":"https:\/\/verysellgroup.com\/about-us\/#breadcrumb"},"inLanguage":"fr-FR","potentialAction":[{"@type":"ReadAction","target":["https:\/\/verysellgroup.com\/about-us\/"]}]},{"@type":"ImageObject","inLanguage":"fr-FR","@id":"https:\/\/verysellgroup.com\/about-us\/#primaryimage","url":"https:\/\/verysellgroup.com\/wp-content\/uploads\/2021\/11\/verysell-logo-cutout.png","contentUrl":"https:\/\/verysellgroup.com\/wp-content\/uploads\/2021\/11\/verysell-logo-cutout.png","width":1478,"height":278},{"@type":"BreadcrumbList","@id":"https:\/\/verysellgroup.com\/about-us\/#breadcrumb","itemListElement":[{"@type":"ListItem","position":1,"name":"Home","item":"https:\/\/verysellgroup.com\/"},{"@type":"ListItem","position":2,"name":"About Us"}]},{"@type":"WebSite","@id":"https:\/\/verysellgroup.com\/#website","url":"https:\/\/verysellgroup.com\/","name":"Groupe Verysell","description":"IA avanc\u00e9e et technologies de l&#039;information","alternateName":"Verysell Group","potentialAction":[{"@type":"SearchAction","target":{"@type":"EntryPoint","urlTemplate":"https:\/\/verysellgroup.com\/?s={search_term_string}"},"query-input":{"@type":"PropertyValueSpecification","valueRequired":true,"valueName":"search_term_string"}}],"inLanguage":"fr-FR"}]}},"_links":{"self":[{"href":"https:\/\/verysellgroup.com\/fr\/wp-json\/wp\/v2\/pages\/7434","targetHints":{"allow":["GET"]}}],"collection":[{"href":"https:\/\/verysellgroup.com\/fr\/wp-json\/wp\/v2\/pages"}],"about":[{"href":"https:\/\/verysellgroup.com\/fr\/wp-json\/wp\/v2\/types\/page"}],"author":[{"embeddable":true,"href":"https:\/\/verysellgroup.com\/fr\/wp-json\/wp\/v2\/users\/9"}],"replies":[{"embeddable":true,"href":"https:\/\/verysellgroup.com\/fr\/wp-json\/wp\/v2\/comments?post=7434"}],"version-history":[{"count":0,"href":"https:\/\/verysellgroup.com\/fr\/wp-json\/wp\/v2\/pages\/7434\/revisions"}],"wp:featuredmedia":[{"embeddable":true,"href":"https:\/\/verysellgroup.com\/fr\/wp-json\/wp\/v2\/media\/7087"}],"wp:attachment":[{"href":"https:\/\/verysellgroup.com\/fr\/wp-json\/wp\/v2\/media?parent=7434"}],"curies":[{"name":"wp","href":"https:\/\/api.w.org\/{rel}","templated":true}]}}